{"id":356,"date":"2026-04-16T13:53:05","date_gmt":"2026-04-16T10:53:05","guid":{"rendered":"https:\/\/treslocos.fi\/hem\/"},"modified":"2026-04-19T17:58:12","modified_gmt":"2026-04-19T14:58:12","slug":"hem","status":"publish","type":"page","link":"https:\/\/treslocos.fi\/sv\/","title":{"rendered":"Hem"},"content":{"rendered":"\t\t<div data-elementor-type=\"wp-page\" data-elementor-id=\"356\" class=\"elementor elementor-356 elementor-151\" data-elementor-post-type=\"page\">\n\t\t\t\t<div class=\"elementor-element elementor-element-ece36ed e-flex e-con-boxed e-con e-parent\" data-id=\"ece36ed\" data-element_type=\"container\" data-e-type=\"container\" id=\"koti\" data-settings=\"{&quot;background_background&quot;:&quot;classic&quot;}\">\n\t\t\t\t\t<div class=\"e-con-inner\">\n\t\t\t\t<div class=\"elementor-element elementor-element-80dc525 elementor-widget elementor-widget-image\" data-id=\"80dc525\" data-element_type=\"widget\" data-e-type=\"widget\" data-widget_type=\"image.default\">\n\t\t\t\t\t\t\t\t\t\t\t\t\t\t\t<img fetchpriority=\"high\" decoding=\"async\" width=\"700\" height=\"700\" src=\"https:\/\/treslocos.fi\/wp-content\/uploads\/2025\/11\/TresLocosPadel_logo_musta-taustalla-rounded.png\" class=\"attachment-medium_large size-medium_large wp-image-353\" alt=\"\" srcset=\"https:\/\/treslocos.fi\/wp-content\/uploads\/2025\/11\/TresLocosPadel_logo_musta-taustalla-rounded.png 700w, https:\/\/treslocos.fi\/wp-content\/uploads\/2025\/11\/TresLocosPadel_logo_musta-taustalla-rounded-300x300.png 300w, https:\/\/treslocos.fi\/wp-content\/uploads\/2025\/11\/TresLocosPadel_logo_musta-taustalla-rounded-150x150.png 150w\" sizes=\"(max-width: 700px) 100vw, 700px\" \/>\t\t\t\t\t\t\t\t\t\t\t\t\t\t\t<\/div>\n\t\t\t\t<div class=\"elementor-element elementor-element-8040857 elementor-widget elementor-widget-heading\" data-id=\"8040857\" data-element_type=\"widget\" data-e-type=\"widget\" data-widget_type=\"heading.default\">\n\t\t\t\t\t<h1 class=\"elementor-heading-title elementor-size-default\">TRES LOCOS PADEL TORNIO<\/h1>\t\t\t\t<\/div>\n\t\t\t\t<div class=\"elementor-element elementor-element-aeb3806 elementor-widget elementor-widget-text-editor\" data-id=\"aeb3806\" data-element_type=\"widget\" data-e-type=\"widget\" data-widget_type=\"text-editor.default\">\n\t\t\t\t\t\t\t\t\t<p>Du bokar enkelt din tid via <strong>Padel Mates<\/strong> webbplats som du hittar via l\u00e4nken nedan<\/p>\t\t\t\t\t\t\t\t<\/div>\n\t\t<div class=\"elementor-element elementor-element-a4bcb6f e-con-full e-flex e-con e-child\" data-id=\"a4bcb6f\" data-element_type=\"container\" data-e-type=\"container\">\n\t\t\t\t<div class=\"elementor-element elementor-element-6a598dd elementor-widget elementor-widget-button\" data-id=\"6a598dd\" data-element_type=\"widget\" data-e-type=\"widget\" data-widget_type=\"button.default\">\n\t\t\t\t\t\t\t\t\t\t<a class=\"elementor-button elementor-button-link elementor-size-sm\" href=\"https:\/\/padelmates.se\/club\/324384c2cf3243d3bf7f6ab3bc93c304\" target=\"_blank\" rel=\"nofollow\">\n\t\t\t\t\t\t<span class=\"elementor-button-content-wrapper\">\n\t\t\t\t\t\t\t\t\t<span class=\"elementor-button-text\">Boka tid<\/span>\n\t\t\t\t\t<\/span>\n\t\t\t\t\t<\/a>\n\t\t\t\t\t\t\t\t<\/div>\n\t\t\t\t<\/div>\n\t\t\t\t\t<\/div>\n\t\t\t\t<\/div>\n\t\t<div class=\"elementor-element elementor-element-c202cbb e-flex e-con-boxed e-con e-parent\" data-id=\"c202cbb\" data-element_type=\"container\" data-e-type=\"container\" id=\"ajankohtaista\" data-settings=\"{&quot;background_background&quot;:&quot;classic&quot;}\">\n\t\t\t\t\t<div class=\"e-con-inner\">\n\t\t<div class=\"elementor-element elementor-element-abafd71 e-con-full e-flex e-con e-child\" data-id=\"abafd71\" data-element_type=\"container\" data-e-type=\"container\">\n\t\t\t\t<div class=\"elementor-element elementor-element-6ef845b elementor-widget elementor-widget-heading\" data-id=\"6ef845b\" data-element_type=\"widget\" data-e-type=\"widget\" data-widget_type=\"heading.default\">\n\t\t\t\t\t<h2 class=\"elementor-heading-title elementor-size-default\">Nationella t\u00e4vlingar Torne\u00e5 \/ Karihaaran verkkopalloseura Ry<\/h2>\t\t\t\t<\/div>\n\t\t\t\t<div class=\"elementor-element elementor-element-4de4cc1 elementor-icon-list--layout-traditional elementor-list-item-link-full_width elementor-widget elementor-widget-icon-list\" data-id=\"4de4cc1\" data-element_type=\"widget\" data-e-type=\"widget\" data-widget_type=\"icon-list.default\">\n\t\t\t\t\t\t\t<ul class=\"elementor-icon-list-items\">\n\t\t\t\t\t\t\t<li class=\"elementor-icon-list-item\">\n\t\t\t\t\t\t\t\t\t\t\t<span class=\"elementor-icon-list-icon\">\n\t\t\t\t\t\t\t<svg aria-hidden=\"true\" class=\"e-font-icon-svg e-fas-clock\" viewBox=\"0 0 512 512\" xmlns=\"http:\/\/www.w3.org\/2000\/svg\"><path d=\"M256,8C119,8,8,119,8,256S119,504,256,504,504,393,504,256,393,8,256,8Zm92.49,313h0l-20,25a16,16,0,0,1-22.49,2.5h0l-67-49.72a40,40,0,0,1-15-31.23V112a16,16,0,0,1,16-16h32a16,16,0,0,1,16,16V256l58,42.5A16,16,0,0,1,348.49,321Z\"><\/path><\/svg>\t\t\t\t\t\t<\/span>\n\t\t\t\t\t\t\t\t\t\t<span class=\"elementor-icon-list-text\">02.05.2026 - 03.05.2026<\/span>\n\t\t\t\t\t\t\t\t\t<\/li>\n\t\t\t\t\t\t<\/ul>\n\t\t\t\t\t\t<\/div>\n\t\t\t\t<div class=\"elementor-element elementor-element-ffb5454 elementor-widget elementor-widget-text-editor\" data-id=\"ffb5454\" data-element_type=\"widget\" data-e-type=\"widget\" data-widget_type=\"text-editor.default\">\n\t\t\t\t\t\t\t\t\t<p>V\u00e4lkommen med p\u00e5 en t\u00e4vlingshelg som arrangeras av Karihaaran verkkopalloseura under Finlands Padelf\u00f6rbund.<\/p>\t\t\t\t\t\t\t\t<\/div>\n\t\t\t\t<div class=\"elementor-element elementor-element-7a01f7d elementor-widget elementor-widget-button\" data-id=\"7a01f7d\" data-element_type=\"widget\" data-e-type=\"widget\" data-widget_type=\"button.default\">\n\t\t\t\t\t\t\t\t\t\t<a class=\"elementor-button elementor-button-link elementor-size-sm\" href=\"https:\/\/www.padelution.com\/events\/kansalliset-kilpailut-tornio-karihaaran-verkkopalloseura-ry-6467\" target=\"_blank\" rel=\"nofollow\">\n\t\t\t\t\t\t<span class=\"elementor-button-content-wrapper\">\n\t\t\t\t\t\t\t\t\t<span class=\"elementor-button-text\">L\u00e4s mer<\/span>\n\t\t\t\t\t<\/span>\n\t\t\t\t\t<\/a>\n\t\t\t\t\t\t\t\t<\/div>\n\t\t\t\t<\/div>\n\t\t<div class=\"elementor-element elementor-element-1cae80e e-con-full e-flex e-con e-child\" data-id=\"1cae80e\" data-element_type=\"container\" data-e-type=\"container\">\n\t\t\t\t<div class=\"elementor-element elementor-element-ef46db9 elementor-widget elementor-widget-image\" data-id=\"ef46db9\" data-element_type=\"widget\" data-e-type=\"widget\" data-widget_type=\"image.default\">\n\t\t\t\t\t\t\t\t\t\t\t\t\t\t\t<img decoding=\"async\" width=\"800\" height=\"802\" src=\"https:\/\/treslocos.fi\/wp-content\/uploads\/2025\/11\/Skarmbild-2025-11-26-100341-1022x1024.jpg\" class=\"attachment-large size-large wp-image-354\" alt=\"tornio padel turnaus\" srcset=\"https:\/\/treslocos.fi\/wp-content\/uploads\/2025\/11\/Skarmbild-2025-11-26-100341-1022x1024.jpg 1022w, https:\/\/treslocos.fi\/wp-content\/uploads\/2025\/11\/Skarmbild-2025-11-26-100341-300x300.jpg 300w, https:\/\/treslocos.fi\/wp-content\/uploads\/2025\/11\/Skarmbild-2025-11-26-100341-150x150.jpg 150w, https:\/\/treslocos.fi\/wp-content\/uploads\/2025\/11\/Skarmbild-2025-11-26-100341-768x769.jpg 768w, https:\/\/treslocos.fi\/wp-content\/uploads\/2025\/11\/Skarmbild-2025-11-26-100341.jpg 1249w\" sizes=\"(max-width: 800px) 100vw, 800px\" \/>\t\t\t\t\t\t\t\t\t\t\t\t\t\t\t<\/div>\n\t\t\t\t<\/div>\n\t\t\t\t\t<\/div>\n\t\t\t\t<\/div>\n\t\t<div class=\"elementor-element elementor-element-ee3f836 e-flex e-con-boxed e-con e-parent\" data-id=\"ee3f836\" data-element_type=\"container\" data-e-type=\"container\" id=\"yhteydenotto\" data-settings=\"{&quot;background_background&quot;:&quot;classic&quot;}\">\n\t\t\t\t\t<div class=\"e-con-inner\">\n\t\t<div class=\"elementor-element elementor-element-fc294b3 e-con-full e-flex e-con e-child\" data-id=\"fc294b3\" data-element_type=\"container\" data-e-type=\"container\">\n\t\t\t\t<div class=\"elementor-element elementor-element-36b5dc4 elementor-widget elementor-widget-heading\" data-id=\"36b5dc4\" data-element_type=\"widget\" data-e-type=\"widget\" data-widget_type=\"heading.default\">\n\t\t\t\t\t<h2 class=\"elementor-heading-title elementor-size-default\">Kontakta oss<\/h2>\t\t\t\t<\/div>\n\t\t\t\t<div class=\"elementor-element elementor-element-7ec1656 elementor-icon-list--layout-traditional elementor-list-item-link-full_width elementor-widget elementor-widget-icon-list\" data-id=\"7ec1656\" data-element_type=\"widget\" data-e-type=\"widget\" data-widget_type=\"icon-list.default\">\n\t\t\t\t\t\t\t<ul class=\"elementor-icon-list-items\">\n\t\t\t\t\t\t\t<li class=\"elementor-icon-list-item\">\n\t\t\t\t\t\t\t\t\t\t\t<span class=\"elementor-icon-list-icon\">\n\t\t\t\t\t\t\t<svg aria-hidden=\"true\" class=\"e-font-icon-svg e-fas-map-pin\" viewBox=\"0 0 288 512\" xmlns=\"http:\/\/www.w3.org\/2000\/svg\"><path d=\"M112 316.94v156.69l22.02 33.02c4.75 7.12 15.22 7.12 19.97 0L176 473.63V316.94c-10.39 1.92-21.06 3.06-32 3.06s-21.61-1.14-32-3.06zM144 0C64.47 0 0 64.47 0 144s64.47 144 144 144 144-64.47 144-144S223.53 0 144 0zm0 76c-37.5 0-68 30.5-68 68 0 6.62-5.38 12-12 12s-12-5.38-12-12c0-50.73 41.28-92 92-92 6.62 0 12 5.38 12 12s-5.38 12-12 12z\"><\/path><\/svg>\t\t\t\t\t\t<\/span>\n\t\t\t\t\t\t\t\t\t\t<span class=\"elementor-icon-list-text\">Matkailijantie 2, 95420 Torne\u00e5<\/span>\n\t\t\t\t\t\t\t\t\t<\/li>\n\t\t\t\t\t\t\t\t<li class=\"elementor-icon-list-item\">\n\t\t\t\t\t\t\t\t\t\t\t<a href=\"mailto:torniopadel@gmail.com\">\n\n\t\t\t\t\t\t\t\t\t\t\t\t<span class=\"elementor-icon-list-icon\">\n\t\t\t\t\t\t\t<svg aria-hidden=\"true\" class=\"e-font-icon-svg e-fas-envelope\" viewBox=\"0 0 512 512\" xmlns=\"http:\/\/www.w3.org\/2000\/svg\"><path d=\"M502.3 190.8c3.9-3.1 9.7-.2 9.7 4.7V400c0 26.5-21.5 48-48 48H48c-26.5 0-48-21.5-48-48V195.6c0-5 5.7-7.8 9.7-4.7 22.4 17.4 52.1 39.5 154.1 113.6 21.1 15.4 56.7 47.8 92.2 47.6 35.7.3 72-32.8 92.3-47.6 102-74.1 131.6-96.3 154-113.7zM256 320c23.2.4 56.6-29.2 73.4-41.4 132.7-96.3 142.8-104.7 173.4-128.7 5.8-4.5 9.2-11.5 9.2-18.9v-19c0-26.5-21.5-48-48-48H48C21.5 64 0 85.5 0 112v19c0 7.4 3.4 14.3 9.2 18.9 30.6 23.9 40.7 32.4 173.4 128.7 16.8 12.2 50.2 41.8 73.4 41.4z\"><\/path><\/svg>\t\t\t\t\t\t<\/span>\n\t\t\t\t\t\t\t\t\t\t<span class=\"elementor-icon-list-text\">torniopadel@gmail.com<\/span>\n\t\t\t\t\t\t\t\t\t\t\t<\/a>\n\t\t\t\t\t\t\t\t\t<\/li>\n\t\t\t\t\t\t\t\t<li class=\"elementor-icon-list-item\">\n\t\t\t\t\t\t\t\t\t\t\t<span class=\"elementor-icon-list-icon\">\n\t\t\t\t\t\t\t<svg aria-hidden=\"true\" class=\"e-font-icon-svg e-fas-mobile\" viewBox=\"0 0 320 512\" xmlns=\"http:\/\/www.w3.org\/2000\/svg\"><path d=\"M272 0H48C21.5 0 0 21.5 0 48v416c0 26.5 21.5 48 48 48h224c26.5 0 48-21.5 48-48V48c0-26.5-21.5-48-48-48zM160 480c-17.7 0-32-14.3-32-32s14.3-32 32-32 32 14.3 32 32-14.3 32-32 32z\"><\/path><\/svg>\t\t\t\t\t\t<\/span>\n\t\t\t\t\t\t\t\t\t\t<span class=\"elementor-icon-list-text\">Bokningar: Via Padel Mates webbplats eller i appen <\/span>\n\t\t\t\t\t\t\t\t\t<\/li>\n\t\t\t\t\t\t<\/ul>\n\t\t\t\t\t\t<\/div>\n\t\t\t\t<div class=\"elementor-element elementor-element-22befad elementor-button-align-stretch elementor-widget elementor-widget-form\" data-id=\"22befad\" data-element_type=\"widget\" data-e-type=\"widget\" data-settings=\"{&quot;step_next_label&quot;:&quot;N\\u00e4sta&quot;,&quot;step_previous_label&quot;:&quot;F\\u00f6reg\\u00e5ende&quot;,&quot;button_width&quot;:&quot;100&quot;,&quot;step_type&quot;:&quot;number_text&quot;,&quot;step_icon_shape&quot;:&quot;circle&quot;}\" data-widget_type=\"form.default\">\n\t\t\t\t\t\t\t<form class=\"elementor-form\" method=\"post\" name=\"Kontakt\" aria-label=\"Kontakt\">\n\t\t\t<input type=\"hidden\" name=\"post_id\" value=\"356\"\/>\n\t\t\t<input type=\"hidden\" name=\"form_id\" value=\"22befad\"\/>\n\t\t\t<input type=\"hidden\" name=\"referer_title\" value=\"Tres Locos Padel Tornio\" \/>\n\n\t\t\t\t\t\t\t<input type=\"hidden\" name=\"queried_id\" value=\"356\"\/>\n\t\t\t\n\t\t\t<div class=\"elementor-form-fields-wrapper elementor-labels-above\">\n\t\t\t\t\t\t\t\t<div class=\"elementor-field-type-text elementor-field-group elementor-column elementor-field-group-name elementor-col-100 elementor-field-required\">\n\t\t\t\t\t\t\t\t\t\t\t\t\t<input size=\"1\" type=\"text\" name=\"form_fields[name]\" id=\"form-field-name\" class=\"elementor-field elementor-size-lg  elementor-field-textual\" placeholder=\"Namn*\" required=\"required\">\n\t\t\t\t\t\t\t\t\t\t\t<\/div>\n\t\t\t\t\t\t\t\t<div class=\"elementor-field-type-email elementor-field-group elementor-column elementor-field-group-email elementor-col-100 elementor-field-required\">\n\t\t\t\t\t\t\t\t\t\t\t\t\t<input size=\"1\" type=\"email\" name=\"form_fields[email]\" id=\"form-field-email\" class=\"elementor-field elementor-size-lg  elementor-field-textual\" placeholder=\"E-postadress*\" required=\"required\">\n\t\t\t\t\t\t\t\t\t\t\t<\/div>\n\t\t\t\t\t\t\t\t<div class=\"elementor-field-type-textarea elementor-field-group elementor-column elementor-field-group-message elementor-col-100\">\n\t\t\t\t\t<textarea class=\"elementor-field-textual elementor-field  elementor-size-lg\" name=\"form_fields[message]\" id=\"form-field-message\" rows=\"4\" placeholder=\"Meddelande\"><\/textarea>\t\t\t\t<\/div>\n\t\t\t\t\t\t\t\t<div class=\"elementor-field-group elementor-column elementor-field-type-submit elementor-col-100 e-form__buttons\">\n\t\t\t\t\t<button class=\"elementor-button elementor-size-lg\" type=\"submit\">\n\t\t\t\t\t\t<span class=\"elementor-button-content-wrapper\">\n\t\t\t\t\t\t\t\t\t\t\t\t\t\t\t\t\t\t\t\t\t\t<span class=\"elementor-button-text\">Skicka<\/span>\n\t\t\t\t\t\t\t\t\t\t\t\t\t<\/span>\n\t\t\t\t\t<\/button>\n\t\t\t\t<\/div>\n\t\t\t<\/div>\n\t\t<\/form>\n\t\t\t\t\t\t<\/div>\n\t\t\t\t<\/div>\n\t\t<div class=\"elementor-element elementor-element-3e363cc e-con-full e-flex e-con e-child\" data-id=\"3e363cc\" data-element_type=\"container\" data-e-type=\"container\">\n\t\t\t\t<div class=\"elementor-element elementor-element-efd673e elementor-widget elementor-widget-google_maps\" data-id=\"efd673e\" data-element_type=\"widget\" data-e-type=\"widget\" data-widget_type=\"google_maps.default\">\n\t\t\t\t\t\t\t<div class=\"elementor-custom-embed\">\n\t\t\t<iframe loading=\"lazy\"\n\t\t\t\t\tsrc=\"https:\/\/maps.google.com\/maps?q=Matkailijantie%202%2C%2095420%20tornio&#038;t=m&#038;z=17&#038;output=embed&#038;iwloc=near\"\n\t\t\t\t\ttitle=\"Matkailijantie 2, 95420 tornio\"\n\t\t\t\t\taria-label=\"Matkailijantie 2, 95420 tornio\"\n\t\t\t><\/iframe>\n\t\t<\/div>\n\t\t\t\t\t\t<\/div>\n\t\t\t\t<\/div>\n\t\t\t\t\t<\/div>\n\t\t\t\t<\/div>\n\t\t\t\t<\/div>\n\t\t","protected":false},"excerpt":{"rendered":"<p>TRES LOCOS PADEL TORNIO Du bokar enkelt din tid via Padel Mates webbplats som du hittar via l\u00e4nken nedan Boka tid Nationella t\u00e4vlingar Torne\u00e5 \/ Karihaaran verkkopalloseura Ry 02.05.2026 &#8211; 03.05.2026 V\u00e4lkommen med p\u00e5 en t\u00e4vlingshelg som arrangeras av Karihaaran verkkopalloseura under Finlands Padelf\u00f6rbund. L\u00e4s mer Kontakta oss Matkailijantie 2, 95420 Torne\u00e5 torniopadel@gmail.com Bokningar: Via [&hellip;]<\/p>\n","protected":false},"author":2,"featured_media":355,"parent":0,"menu_order":0,"comment_status":"closed","ping_status":"closed","template":"elementor_header_footer","meta":{"footnotes":""},"class_list":["post-356","page","type-page","status-publish","has-post-thumbnail","hentry"],"yoast_head":"<!-- This site is optimized with the Yoast SEO plugin v27.5 - https:\/\/yoast.com\/product\/yoast-seo-wordpress\/ -->\n<title>Tres Locos Padel Tornio<\/title>\n<meta name=\"description\" content=\"V\u00e4lkommen att spela padel hos oss p\u00e5 Tres Locos Padel i Torne\u00e5. V\u00e4lkommen att spela padel hos oss p\u00e5 Tres Locos Padel i Torne\u00e5.\" \/>\n<meta name=\"robots\" content=\"index, follow, max-snippet:-1, max-image-preview:large, max-video-preview:-1\" \/>\n<link rel=\"canonical\" href=\"https:\/\/treslocos.fi\/sv\/\" \/>\n<meta property=\"og:locale\" content=\"sv_SE\" \/>\n<meta property=\"og:type\" content=\"article\" \/>\n<meta property=\"og:title\" content=\"Tres Locos Padel Tornio\" \/>\n<meta property=\"og:description\" content=\"V\u00e4lkommen att spela padel hos oss p\u00e5 Tres Locos Padel i Torne\u00e5. V\u00e4lkommen att spela padel hos oss p\u00e5 Tres Locos Padel i Torne\u00e5.\" \/>\n<meta property=\"og:url\" content=\"https:\/\/treslocos.fi\/sv\/\" \/>\n<meta property=\"og:site_name\" content=\"treslocos.fi\" \/>\n<meta property=\"article:modified_time\" content=\"2026-04-19T14:58:12+00:00\" \/>\n<meta property=\"og:image\" content=\"https:\/\/treslocos.fi\/wp-content\/uploads\/2025\/11\/TresLocosPadel_logo_musta-taustalla.png\" \/>\n\t<meta property=\"og:image:width\" content=\"2048\" \/>\n\t<meta property=\"og:image:height\" content=\"2048\" \/>\n\t<meta property=\"og:image:type\" content=\"image\/png\" \/>\n<meta name=\"twitter:card\" content=\"summary_large_image\" \/>\n<script type=\"application\/ld+json\" class=\"yoast-schema-graph\">{\"@context\":\"https:\\\/\\\/schema.org\",\"@graph\":[{\"@type\":\"WebPage\",\"@id\":\"https:\\\/\\\/treslocos.fi\\\/sv\\\/\",\"url\":\"https:\\\/\\\/treslocos.fi\\\/sv\\\/\",\"name\":\"Tres Locos Padel Tornio\",\"isPartOf\":{\"@id\":\"https:\\\/\\\/treslocos.fi\\\/sv\\\/#website\"},\"primaryImageOfPage\":{\"@id\":\"https:\\\/\\\/treslocos.fi\\\/sv\\\/#primaryimage\"},\"image\":{\"@id\":\"https:\\\/\\\/treslocos.fi\\\/sv\\\/#primaryimage\"},\"thumbnailUrl\":\"https:\\\/\\\/treslocos.fi\\\/wp-content\\\/uploads\\\/2025\\\/11\\\/TresLocosPadel_logo_musta-taustalla.png\",\"datePublished\":\"2026-04-16T10:53:05+00:00\",\"dateModified\":\"2026-04-19T14:58:12+00:00\",\"description\":\"V\u00e4lkommen att spela padel hos oss p\u00e5 Tres Locos Padel i Torne\u00e5. V\u00e4lkommen att spela padel hos oss p\u00e5 Tres Locos Padel i Torne\u00e5.\",\"breadcrumb\":{\"@id\":\"https:\\\/\\\/treslocos.fi\\\/sv\\\/#breadcrumb\"},\"inLanguage\":\"sv-SE\",\"potentialAction\":[{\"@type\":\"ReadAction\",\"target\":[\"https:\\\/\\\/treslocos.fi\\\/sv\\\/\"]}]},{\"@type\":\"ImageObject\",\"inLanguage\":\"sv-SE\",\"@id\":\"https:\\\/\\\/treslocos.fi\\\/sv\\\/#primaryimage\",\"url\":\"https:\\\/\\\/treslocos.fi\\\/wp-content\\\/uploads\\\/2025\\\/11\\\/TresLocosPadel_logo_musta-taustalla.png\",\"contentUrl\":\"https:\\\/\\\/treslocos.fi\\\/wp-content\\\/uploads\\\/2025\\\/11\\\/TresLocosPadel_logo_musta-taustalla.png\",\"width\":2048,\"height\":2048},{\"@type\":\"BreadcrumbList\",\"@id\":\"https:\\\/\\\/treslocos.fi\\\/sv\\\/#breadcrumb\",\"itemListElement\":[{\"@type\":\"ListItem\",\"position\":1,\"name\":\"Etusivu\",\"item\":\"https:\\\/\\\/treslocos.fi\\\/sv\\\/hem\\\/\"},{\"@type\":\"ListItem\",\"position\":2,\"name\":\"Hem\"}]},{\"@type\":\"WebSite\",\"@id\":\"https:\\\/\\\/treslocos.fi\\\/sv\\\/#website\",\"url\":\"https:\\\/\\\/treslocos.fi\\\/sv\\\/\",\"name\":\"treslocos.fi\",\"description\":\"Tres Locos Padel Tornio\",\"publisher\":{\"@id\":\"https:\\\/\\\/treslocos.fi\\\/sv\\\/#organization\"},\"potentialAction\":[{\"@type\":\"SearchAction\",\"target\":{\"@type\":\"EntryPoint\",\"urlTemplate\":\"https:\\\/\\\/treslocos.fi\\\/sv\\\/?s={search_term_string}\"},\"query-input\":{\"@type\":\"PropertyValueSpecification\",\"valueRequired\":true,\"valueName\":\"search_term_string\"}}],\"inLanguage\":\"sv-SE\"},{\"@type\":\"Organization\",\"@id\":\"https:\\\/\\\/treslocos.fi\\\/sv\\\/#organization\",\"name\":\"treslocos.fi\",\"url\":\"https:\\\/\\\/treslocos.fi\\\/sv\\\/\",\"logo\":{\"@type\":\"ImageObject\",\"inLanguage\":\"sv-SE\",\"@id\":\"https:\\\/\\\/treslocos.fi\\\/sv\\\/#\\\/schema\\\/logo\\\/image\\\/\",\"url\":\"https:\\\/\\\/treslocos.fi\\\/wp-content\\\/uploads\\\/2025\\\/11\\\/favicon.jpg\",\"contentUrl\":\"https:\\\/\\\/treslocos.fi\\\/wp-content\\\/uploads\\\/2025\\\/11\\\/favicon.jpg\",\"width\":512,\"height\":512,\"caption\":\"treslocos.fi\"},\"image\":{\"@id\":\"https:\\\/\\\/treslocos.fi\\\/sv\\\/#\\\/schema\\\/logo\\\/image\\\/\"},\"sameAs\":[\"https:\\\/\\\/www.instagram.com\\\/treslocospadeltornio\\\/\"]}]}<\/script>\n<!-- \/ Yoast SEO plugin. -->","yoast_head_json":{"title":"Tres Locos Padel Tornio","description":"V\u00e4lkommen att spela padel hos oss p\u00e5 Tres Locos Padel i Torne\u00e5. V\u00e4lkommen att spela padel hos oss p\u00e5 Tres Locos Padel i Torne\u00e5.","robots":{"index":"index","follow":"follow","max-snippet":"max-snippet:-1","max-image-preview":"max-image-preview:large","max-video-preview":"max-video-preview:-1"},"canonical":"https:\/\/treslocos.fi\/sv\/","og_locale":"sv_SE","og_type":"article","og_title":"Tres Locos Padel Tornio","og_description":"V\u00e4lkommen att spela padel hos oss p\u00e5 Tres Locos Padel i Torne\u00e5. V\u00e4lkommen att spela padel hos oss p\u00e5 Tres Locos Padel i Torne\u00e5.","og_url":"https:\/\/treslocos.fi\/sv\/","og_site_name":"treslocos.fi","article_modified_time":"2026-04-19T14:58:12+00:00","og_image":[{"width":2048,"height":2048,"url":"https:\/\/treslocos.fi\/wp-content\/uploads\/2025\/11\/TresLocosPadel_logo_musta-taustalla.png","type":"image\/png"}],"twitter_card":"summary_large_image","schema":{"@context":"https:\/\/schema.org","@graph":[{"@type":"WebPage","@id":"https:\/\/treslocos.fi\/sv\/","url":"https:\/\/treslocos.fi\/sv\/","name":"Tres Locos Padel Tornio","isPartOf":{"@id":"https:\/\/treslocos.fi\/sv\/#website"},"primaryImageOfPage":{"@id":"https:\/\/treslocos.fi\/sv\/#primaryimage"},"image":{"@id":"https:\/\/treslocos.fi\/sv\/#primaryimage"},"thumbnailUrl":"https:\/\/treslocos.fi\/wp-content\/uploads\/2025\/11\/TresLocosPadel_logo_musta-taustalla.png","datePublished":"2026-04-16T10:53:05+00:00","dateModified":"2026-04-19T14:58:12+00:00","description":"V\u00e4lkommen att spela padel hos oss p\u00e5 Tres Locos Padel i Torne\u00e5. V\u00e4lkommen att spela padel hos oss p\u00e5 Tres Locos Padel i Torne\u00e5.","breadcrumb":{"@id":"https:\/\/treslocos.fi\/sv\/#breadcrumb"},"inLanguage":"sv-SE","potentialAction":[{"@type":"ReadAction","target":["https:\/\/treslocos.fi\/sv\/"]}]},{"@type":"ImageObject","inLanguage":"sv-SE","@id":"https:\/\/treslocos.fi\/sv\/#primaryimage","url":"https:\/\/treslocos.fi\/wp-content\/uploads\/2025\/11\/TresLocosPadel_logo_musta-taustalla.png","contentUrl":"https:\/\/treslocos.fi\/wp-content\/uploads\/2025\/11\/TresLocosPadel_logo_musta-taustalla.png","width":2048,"height":2048},{"@type":"BreadcrumbList","@id":"https:\/\/treslocos.fi\/sv\/#breadcrumb","itemListElement":[{"@type":"ListItem","position":1,"name":"Etusivu","item":"https:\/\/treslocos.fi\/sv\/hem\/"},{"@type":"ListItem","position":2,"name":"Hem"}]},{"@type":"WebSite","@id":"https:\/\/treslocos.fi\/sv\/#website","url":"https:\/\/treslocos.fi\/sv\/","name":"treslocos.fi","description":"Tres Locos Padel Tornio","publisher":{"@id":"https:\/\/treslocos.fi\/sv\/#organization"},"potentialAction":[{"@type":"SearchAction","target":{"@type":"EntryPoint","urlTemplate":"https:\/\/treslocos.fi\/sv\/?s={search_term_string}"},"query-input":{"@type":"PropertyValueSpecification","valueRequired":true,"valueName":"search_term_string"}}],"inLanguage":"sv-SE"},{"@type":"Organization","@id":"https:\/\/treslocos.fi\/sv\/#organization","name":"treslocos.fi","url":"https:\/\/treslocos.fi\/sv\/","logo":{"@type":"ImageObject","inLanguage":"sv-SE","@id":"https:\/\/treslocos.fi\/sv\/#\/schema\/logo\/image\/","url":"https:\/\/treslocos.fi\/wp-content\/uploads\/2025\/11\/favicon.jpg","contentUrl":"https:\/\/treslocos.fi\/wp-content\/uploads\/2025\/11\/favicon.jpg","width":512,"height":512,"caption":"treslocos.fi"},"image":{"@id":"https:\/\/treslocos.fi\/sv\/#\/schema\/logo\/image\/"},"sameAs":["https:\/\/www.instagram.com\/treslocospadeltornio\/"]}]}},"_links":{"self":[{"href":"https:\/\/treslocos.fi\/sv\/wp-json\/wp\/v2\/pages\/356","targetHints":{"allow":["GET"]}}],"collection":[{"href":"https:\/\/treslocos.fi\/sv\/wp-json\/wp\/v2\/pages"}],"about":[{"href":"https:\/\/treslocos.fi\/sv\/wp-json\/wp\/v2\/types\/page"}],"author":[{"embeddable":true,"href":"https:\/\/treslocos.fi\/sv\/wp-json\/wp\/v2\/users\/2"}],"replies":[{"embeddable":true,"href":"https:\/\/treslocos.fi\/sv\/wp-json\/wp\/v2\/comments?post=356"}],"version-history":[{"count":1,"href":"https:\/\/treslocos.fi\/sv\/wp-json\/wp\/v2\/pages\/356\/revisions"}],"predecessor-version":[{"id":358,"href":"https:\/\/treslocos.fi\/sv\/wp-json\/wp\/v2\/pages\/356\/revisions\/358"}],"wp:featuredmedia":[{"embeddable":true,"href":"https:\/\/treslocos.fi\/sv\/wp-json\/wp\/v2\/media\/355"}],"wp:attachment":[{"href":"https:\/\/treslocos.fi\/sv\/wp-json\/wp\/v2\/media?parent=356"}],"curies":[{"name":"wp","href":"https:\/\/api.w.org\/{rel}","templated":true}]}}